{"id":548,"date":"2025-01-20T13:24:45","date_gmt":"2025-01-20T18:24:45","guid":{"rendered":"https:\/\/chapter.ser.org\/easterncanada\/?page_id=548"},"modified":"2025-05-28T17:27:25","modified_gmt":"2025-05-28T21:27:25","slug":"symposium2025","status":"publish","type":"page","link":"https:\/\/chapter.ser.org\/easterncanada\/symposium2025\/","title":{"rendered":"Symposium 2025"},"content":{"rendered":"<h4><strong>SYMPOSIUM 2025 DE SER-EC \/ ACRSD \/ CIC<\/strong><\/h4>\n<h5><strong>LA RESTAURATION \u00c9COLOGIQUE DANS L&#8217;EST DU QU\u00c9BEC ET LA P\u00c9NINSULE ACADIENNE<\/strong><\/h5>\n<p>Venez nous rejoindre du 1 au 3 juin 2025 \u00e0 l&#8217;Auberge de la Pointe \u00e0 Rivi\u00e8re-du-Loup, Qu\u00e9bec, pour le Symposium 2025 : La restauration \u00e9cologique dans l&#8217;est du Qu\u00e9bec et la p\u00e9ninsule acadienne.<\/p>\n<p style=\"font-weight: 400\"><a href=\"https:\/\/my.weezevent.com\/symposium-ser-ec-acrsd-cic-2-juin-2025\" target=\"_blank\" rel=\"attachment noopener wp-att-563\"><img loading=\"lazy\" decoding=\"async\" class=\"wp-image-563 alignnone\" src=\"https:\/\/chapter.ser.org\/easterncanada\/files\/2025\/03\/Baniere-mini-site-SEREC-560-x-315-px-300x169.png\" alt=\"\" width=\"703\" height=\"396\" srcset=\"https:\/\/chapter.ser.org\/easterncanada\/files\/2025\/03\/Baniere-mini-site-SEREC-560-x-315-px-300x169.png 300w, https:\/\/chapter.ser.org\/easterncanada\/files\/2025\/03\/Baniere-mini-site-SEREC-560-x-315-px-450x253.png 450w, https:\/\/chapter.ser.org\/easterncanada\/files\/2025\/03\/Baniere-mini-site-SEREC-560-x-315-px-400x225.png 400w, https:\/\/chapter.ser.org\/easterncanada\/files\/2025\/03\/Baniere-mini-site-SEREC-560-x-315-px.png 560w\" sizes=\"auto, (max-width: 703px) 100vw, 703px\" \/><\/a><\/p>\n<h3><strong>EXCURSION SUR LE TERRAIN<\/strong><\/h3>\n<h4><strong>Dimanche 1 juin 2025 &#8211; Une excursion sur le terrain :<\/strong><\/h4>\n<div class=\"su-spoiler su-spoiler-style-default su-spoiler-icon-plus su-spoiler-closed\" data-anchor=\"SortieEstRDL\" data-scroll-offset=\"0\" data-anchor-in-url=\"yes\"><div class=\"su-spoiler-title\" tabindex=\"0\" role=\"button\"><span class=\"su-spoiler-icon\"><\/span>Excursion est de Rivi\u00e8re-du-Loup : Marais de l'\u00cesle-Verte et Le Bic<\/div><div class=\"su-spoiler-content su-u-clearfix su-u-trim\">Les milieux humides de la r\u00e9gion du Bas-St-Laurent \u00e0 l\u2019est de Rivi\u00e8re-du-Loup sont dot\u00e9s de plusieurs \u00e9cosyst\u00e8mes d\u00e9j\u00e0 restaur\u00e9s, des grands succ\u00e8s dans le domaine de la restauration \u00e9cologique. Nous allons visiter le Marais l\u2019\u00eesle-Verte de la R\u00e9serve nationale de faune de la Baie-de-l\u2019\u00cesle-Verte, qui renferme le plus important marais \u00e0 spartine du Qu\u00e9bec m\u00e9ridional. Ce projet de restauration, r\u00e9alis\u00e9 par l\u2019\u00e9quipe du Qu\u00e9bec de <a href=\"https:\/\/www.canards.ca\/\" target=\"_blank\" rel=\"noopener\">Canards Illimit\u00e9s Canada<\/a> (CIC) et <a href=\"https:\/\/www.canada.ca\/fr\/environnement-changement-climatique.html\" target=\"_blank\" rel=\"noopener\">Environnement et Changement climatique Canada<\/a> (ECCC), a commenc\u00e9 \u00e0 la fin des ann\u00e9es 1980 et vient d\u2019\u00eatre compl\u00e9t\u00e9. Ses marais c\u00f4tiers abritent de nombreuses esp\u00e8ces d\u2019oiseaux, dont certaines menac\u00e9es ou vuln\u00e9rables.<\/p>\n<p>Ensuite, nous allons nous d\u00e9placer vers la tourbi\u00e8re Saint-Fabien-sur-Mer, situ\u00e9e dans l\u2019estuaire maritime du Saint-Laurent. Cette tourbi\u00e8re au pied du pic Champlain a \u00e9t\u00e9 restaur\u00e9e en d\u00e9cembre 2009 par le <a href=\"https:\/\/www.gret-perg.ulaval.ca\/\" target=\"_blank\" rel=\"noopener\">Groupe de recherche en \u00e9cologie des tourbi\u00e8res<\/a> (GRET) . L\u2019objectif principal \u00e9tait de restaurer les fonctions \u00e9cologiques du milieu tout en tenant compte des conditions existantes, et de cr\u00e9er un site de d\u00e9monstration illustrant diff\u00e9rentes approches de restauration post-extraction de tourbe.<\/p>\n<p dir=\"ltr\"><a href=\"https:\/\/chapter.ser.org\/easterncanada\/symposium2025\/olympus-digital-camera-2\/\" rel=\"attachment wp-att-587\"><img loading=\"lazy\" decoding=\"async\" class=\"wp-image-587 alignnone\" src=\"https:\/\/chapter.ser.org\/easterncanada\/files\/2025\/05\/SFSM_25-juillet-2012-2.jpg\" alt=\"\" width=\"522\" height=\"391\" srcset=\"https:\/\/chapter.ser.org\/easterncanada\/files\/2025\/05\/SFSM_25-juillet-2012-2.jpg 1024w, https:\/\/chapter.ser.org\/easterncanada\/files\/2025\/05\/SFSM_25-juillet-2012-2-300x225.jpg 300w, https:\/\/chapter.ser.org\/easterncanada\/files\/2025\/05\/SFSM_25-juillet-2012-2-768x576.jpg 768w, https:\/\/chapter.ser.org\/easterncanada\/files\/2025\/05\/SFSM_25-juillet-2012-2-450x338.jpg 450w, https:\/\/chapter.ser.org\/easterncanada\/files\/2025\/05\/SFSM_25-juillet-2012-2-600x450.jpg 600w, https:\/\/chapter.ser.org\/easterncanada\/files\/2025\/05\/SFSM_25-juillet-2012-2-400x300.jpg 400w\" sizes=\"auto, (max-width: 522px) 100vw, 522px\" \/><\/a><\/p>\n<p dir=\"ltr\">Six types d&#8217;interventions ont \u00e9t\u00e9 r\u00e9alis\u00e9s sur une superficie totale de 18,77 ha : transfert de couche de mousse pour la restauration des tourbi\u00e8res hautes (4,27 ha), blocage de foss\u00e9s pour les tourbi\u00e8res basses (12,05 ha), cr\u00e9ation de microtopographie foresti\u00e8re (1,48 ha), excavation de mares (D), plantation d\u2019arbres (0,79 ha) et d\u2019arbustes \u00e0 petits fruits (0,09 ha) avec fertilisation. Le co\u00fbt total de la restauration s\u2019\u00e9l\u00e8ve \u00e0 61 600 $, soit 3 240 $\/ha.<\/p>\n<p dir=\"ltr\">Des sentiers et panneaux d\u2019interpr\u00e9tation sont pr\u00e9vus pour sensibiliser le public \u00e0 l\u2019\u00e9cologie des tourbi\u00e8res, \u00e0 l\u2019histoire de l\u2019exploitation de la tourbe, aux enjeux de biodiversit\u00e9, d\u2019hydrologie et de gaz \u00e0 effet de serre. Ce projet exemplaire favorise \u00e9galement l\u2019implication des communaut\u00e9s locales.Aujourd\u2019hui, la tourbi\u00e8re fait partie du\u00a0<a href=\"https:\/\/www.sepaq.com\/pq\/bic\/\" target=\"_blank\" rel=\"noopener\">S\u00e9paq Parc national du Bic<\/a> et on peut y retrouver des esp\u00e8ces d\u2019orchid\u00e9es qui sont assez rares, comme l\u2019ar\u00e9thuse bulbeuse.<\/p>\n<p>Des bons souliers de marche ou des bottes de marche sont requis pour cette sortie de terrain. Veuillez apporter votre bouteille d\u2019eau et une collation.<\/p>\n<p><strong> Animateurs de l\u2019excursion :<\/strong> Andr\u00e9 Michaud (Canards Illimit\u00e9s Canada CIC, SER-EC), Patrick Harbour (CIC), Line Rochefort (Universit\u00e9 Laval, SER-EC), Fran\u00e7ois Quinty (WSP, SER-EC)<\/p>\n<p><strong>D\u00e9part\/retour :<\/strong> Auberge de la Pointe, Rivi\u00e8re-du-Loup, Qu\u00e9bec en autobus<\/p>\n<p><strong>Dur\u00e9e :<\/strong> \u00bd journ\u00e9e (13h \u00e0 17h30 approximativement)<\/p>\n<p><strong>Date :<\/strong> Dimanche le 1 juin 2025<\/p>\n<p>Cette sortie est pr\u00e9approuv\u00e9e pour 3 CICs dans le programme <a href=\"https:\/\/www.ser.org\/page\/CERPProgram\">CERP\/CERPIT<\/a> de la <a href=\"https:\/\/www.ser.org\/\">Soci\u00e9t\u00e9 pour la restauration \u00e9cologique<\/a> (SER).<\/p>\n<\/div><\/div>\n<h3><strong>Voici la programmation <u>finale<\/u><\/strong> <strong>pour la sortie de terrain <\/strong>:<strong><a href=\"https:\/\/chapter.ser.org\/easterncanada\/files\/2025\/05\/Guide-terrain-1-juin-_version-26-mai_so.pdf\">Guide terrain 1 juin<\/a><\/strong><\/h3>\n<p>En soir\u00e9e, vous avez l&#8217;option de nous rejoindre sur la magnifique terrasse de l&#8217;Auberge de la Pointe pour un souper de r\u00e9seautage facultatif style BBQ avec des magnifiques vues sur le fleuve Saint-Laurent.<\/p>\n<p><a href=\"https:\/\/chapter.ser.org\/easterncanada\/symposium2025\/terrasse-auberge-de-la-pointe\/\" rel=\"attachment wp-att-582\"><img loading=\"lazy\" decoding=\"async\" class=\"alignnone wp-image-582 \" src=\"https:\/\/chapter.ser.org\/easterncanada\/files\/2025\/04\/terrasse-auberge-de-la-pointe-300x161.png\" alt=\"Terrasse auberge de la pointe\" width=\"638\" height=\"342\" srcset=\"https:\/\/chapter.ser.org\/easterncanada\/files\/2025\/04\/terrasse-auberge-de-la-pointe-300x161.png 300w, https:\/\/chapter.ser.org\/easterncanada\/files\/2025\/04\/terrasse-auberge-de-la-pointe-1024x551.png 1024w, https:\/\/chapter.ser.org\/easterncanada\/files\/2025\/04\/terrasse-auberge-de-la-pointe-768x413.png 768w, https:\/\/chapter.ser.org\/easterncanada\/files\/2025\/04\/terrasse-auberge-de-la-pointe-450x242.png 450w, https:\/\/chapter.ser.org\/easterncanada\/files\/2025\/04\/terrasse-auberge-de-la-pointe-600x323.png 600w, https:\/\/chapter.ser.org\/easterncanada\/files\/2025\/04\/terrasse-auberge-de-la-pointe-1500x807.png 1500w, https:\/\/chapter.ser.org\/easterncanada\/files\/2025\/04\/terrasse-auberge-de-la-pointe-400x215.png 400w, https:\/\/chapter.ser.org\/easterncanada\/files\/2025\/04\/terrasse-auberge-de-la-pointe.png 1570w\" sizes=\"auto, (max-width: 638px) 100vw, 638px\" \/> <\/a><a href=\"https:\/\/chapter.ser.org\/easterncanada\/symposium2025\/reseautage-auberge-de-la-pointe\/\" rel=\"attachment wp-att-581\"><img loading=\"lazy\" decoding=\"async\" class=\"alignnone wp-image-581\" src=\"https:\/\/chapter.ser.org\/easterncanada\/files\/2025\/04\/reseautage-auberge-de-la-pointe-300x161.png\" alt=\"r\u00e9seautage sur la terrasse\" width=\"635\" height=\"341\" srcset=\"https:\/\/chapter.ser.org\/easterncanada\/files\/2025\/04\/reseautage-auberge-de-la-pointe-300x161.png 300w, https:\/\/chapter.ser.org\/easterncanada\/files\/2025\/04\/reseautage-auberge-de-la-pointe-1024x551.png 1024w, https:\/\/chapter.ser.org\/easterncanada\/files\/2025\/04\/reseautage-auberge-de-la-pointe-768x413.png 768w, https:\/\/chapter.ser.org\/easterncanada\/files\/2025\/04\/reseautage-auberge-de-la-pointe-1536x827.png 1536w, https:\/\/chapter.ser.org\/easterncanada\/files\/2025\/04\/reseautage-auberge-de-la-pointe-450x242.png 450w, https:\/\/chapter.ser.org\/easterncanada\/files\/2025\/04\/reseautage-auberge-de-la-pointe-600x323.png 600w, https:\/\/chapter.ser.org\/easterncanada\/files\/2025\/04\/reseautage-auberge-de-la-pointe-1500x807.png 1500w, https:\/\/chapter.ser.org\/easterncanada\/files\/2025\/04\/reseautage-auberge-de-la-pointe-1300x700.png 1300w, https:\/\/chapter.ser.org\/easterncanada\/files\/2025\/04\/reseautage-auberge-de-la-pointe-400x215.png 400w, https:\/\/chapter.ser.org\/easterncanada\/files\/2025\/04\/reseautage-auberge-de-la-pointe.png 1570w\" sizes=\"auto, (max-width: 635px) 100vw, 635px\" \/><\/a><\/p>\n<h3><strong>SYMPOSIUM<\/strong><\/h3>\n<h4><strong>Lundi 2 juin 2025 &#8211; Symposium :<\/strong><\/h4>\n<p>Symposium scientifique organis\u00e9 par la Soci\u00e9t\u00e9 pour la restauration \u00e9cologique &#8211; Est du Canada (SER-EC) et l&#8217;Association canadienne de r\u00e9habilitation des sites d\u00e9grad\u00e9s (ACRSD).<\/p>\n<h3><strong>Voici la programmation <u>finale<\/u> (version courte) : <a href=\"https:\/\/chapter.ser.org\/easterncanada\/files\/2025\/05\/Programmation-2-juin_Version-28mai2025.pdf\">Programmation 2 juin<\/a><\/strong><\/h3>\n<h3><strong>Version d\u00e9taill\u00e9e : <a href=\"https:\/\/chapter.ser.org\/easterncanada\/files\/2025\/05\/Programme-detaille-final-du-2-juin-2025_so_2.pdf\">Programme d\u00e9taill\u00e9 2 juin<\/a><\/strong><\/h3>\n<p>L&#8217;assembl\u00e9e g\u00e9n\u00e9rale annuelle (AGA) de SER-EC aura lieu le 2 juin 2025 durant l&#8217;heure du midi en format hybride. Un avis de convocation \u00e0 l&#8217;AGA sera envoy\u00e9 aux membres de SER-EC par courriel.<\/p>\n<h3><strong>INSCRIPTION<\/strong><\/h3>\n<ul>\n<li><strong>Tarif excursion du dimanche 1 juin 2025 : 95 $ (+taxes + frais de platforme)<\/strong>. Le tarif inclut le transport en autobus de l&#8217;Auberge de la Pointe et l&#8217;animation.<\/li>\n<li><strong>Soir\u00e9e souper BBQ festif et r\u00e9seautage du dimanche 1 juin 2025 : 62 $ (+taxes + service + frais de plateforme)<\/strong>. Le tarif inclut un souper BBQ festif et r\u00e9seautage sur la terrasse de l&#8217;Auberge de la Pointe (sous la Pergola en cas de pluie). Inclut 5 options d&#8217;entr\u00e9es et \u00ab side dishs \u00bb, des salades, 2 options de plats principaux sur le BBQ, un dessert, et th\u00e9, caf\u00e9, tisane ou infusion. N&#8217;inclut pas les boissons. Les boissons sont payables directement au bar. Options v\u00e9g\u00e9tariennes disponibles.<\/li>\n<li><strong>Tarif symposium du 2 juin &#8211; Tarif membre SER-EC ou ACRSD ou \u00e9tudiant : 140 $ (+taxes + frais de platforme)<\/strong>. Le tarif inclut les conf\u00e9rences, 2 pauses-caf\u00e9s et d\u00eener sous forme de buffet \u00e0 l&#8217;Auberge de la Pointe et un cocktail de r\u00e9seautage en fin de journ\u00e9e. Il faut \u00eatre membre de SER-EC\u00a0<span style=\"text-decoration: underline\">ou<\/span> ACRSD\u00a0<span style=\"text-decoration: underline\">ou<\/span> \u00eatre \u00e9tudiant pour ce tarif.<\/li>\n<li><strong>Tarif symposium du 2 juin &#8211; Tarif r\u00e9gulier : 180 $ (+taxes = frais de platforme)<\/strong>. Le tarif inclut les conf\u00e9rences, 2 pauses-caf\u00e9s et d\u00eener sous forme de buffet \u00e0 l&#8217;Auberge de la Pointe et un cocktail de r\u00e9seautage en fin de journ\u00e9e.<\/li>\n<\/ul>\n<h4><strong>Pour s&#8217;inscrire, <a href=\"https:\/\/my.weezevent.com\/symposium-ser-ec-acrsd-cic-2-juin-2025\" target=\"_blank\" rel=\"noopener\">cliquez ici<\/a>.<\/strong><\/h4>\n<h3><strong>H\u00c9BERGEMENT<\/strong><\/h3>\n<p>Une tarification pr\u00e9f\u00e9rentielle est disponible du 31 mai au 4 juin 2025 \u00e0 l&#8217;Auberge de la Pointe (cliquer sur <strong><a href=\"https:\/\/reservation.aubergedelapointe.com\/book\/dates-of-stay?domain=portal.travelclick.com&amp;groupID=4732247\" target=\"_blank\" rel=\"noopener\">ce lien<\/a><\/strong>).<\/p>\n<p><a href=\"https:\/\/chapter.ser.org\/easterncanada\/symposium2025\/adlp-vue-sur-le-fleuve-et-balcon-prive\/\" rel=\"attachment wp-att-583\"><img loading=\"lazy\" decoding=\"async\" class=\"alignnone wp-image-583\" src=\"https:\/\/chapter.ser.org\/easterncanada\/files\/2025\/04\/ADLP-vue-sur-le-fleuve-et-balcon-prive-300x161.jpg\" alt=\"ADLP vue sur le fleuve et balcon priv\u00e9\" width=\"697\" height=\"374\" srcset=\"https:\/\/chapter.ser.org\/easterncanada\/files\/2025\/04\/ADLP-vue-sur-le-fleuve-et-balcon-prive-300x161.jpg 300w, https:\/\/chapter.ser.org\/easterncanada\/files\/2025\/04\/ADLP-vue-sur-le-fleuve-et-balcon-prive-1024x551.jpg 1024w, https:\/\/chapter.ser.org\/easterncanada\/files\/2025\/04\/ADLP-vue-sur-le-fleuve-et-balcon-prive-768x413.jpg 768w, https:\/\/chapter.ser.org\/easterncanada\/files\/2025\/04\/ADLP-vue-sur-le-fleuve-et-balcon-prive-1536x827.jpg 1536w, https:\/\/chapter.ser.org\/easterncanada\/files\/2025\/04\/ADLP-vue-sur-le-fleuve-et-balcon-prive-450x242.jpg 450w, https:\/\/chapter.ser.org\/easterncanada\/files\/2025\/04\/ADLP-vue-sur-le-fleuve-et-balcon-prive-600x323.jpg 600w, https:\/\/chapter.ser.org\/easterncanada\/files\/2025\/04\/ADLP-vue-sur-le-fleuve-et-balcon-prive-1500x807.jpg 1500w, https:\/\/chapter.ser.org\/easterncanada\/files\/2025\/04\/ADLP-vue-sur-le-fleuve-et-balcon-prive-1300x700.jpg 1300w, https:\/\/chapter.ser.org\/easterncanada\/files\/2025\/04\/ADLP-vue-sur-le-fleuve-et-balcon-prive-400x215.jpg 400w, https:\/\/chapter.ser.org\/easterncanada\/files\/2025\/04\/ADLP-vue-sur-le-fleuve-et-balcon-prive.jpg 1570w\" sizes=\"auto, (max-width: 697px) 100vw, 697px\" \/><\/a><\/p>\n<p>Pour prolonger vos dates ou pour des demandes sp\u00e9ciales pour votre r\u00e9servation, veuillez contacter l\u2019Auberge de la Pointe directement :\u00a0<a class=\"link-mail\" href=\"mailto:auberge@aubergedelapointe.com\">auberge@aubergedelapointe.com<\/a> ou 1-800-463-1222.<\/p>\n<p>Le tarif pr\u00e9f\u00e9rentiel peut \u00eatre accord\u00e9 SEULEMENT sur les r\u00e9servations faites par Internet avec le lien ou par t\u00e9l\u00e9phone en pr\u00e9cisant que vous r\u00e9servez pour le Symposium de SER-EC.<\/p>\n<h3><strong>\u00c9V\u00c9NEMENT FACULTATIF<\/strong><\/h3>\n<h4><strong>Mardi 3 juin 2025 &#8211; 25\u00e8me anniversaire de Bois-des-Bel<\/strong><\/h4>\n<p>C&#8217;est la 25\u00e8me anniversaire de la station de recherche de Bois-des-Bel. Une journ\u00e9e th\u00e9matique tourbi\u00e8re organis\u00e9e par le Groupe de recherche en \u00e9cologie des tourbi\u00e8res (GRET) avec une sortie \u00e0 Bois-des-Bel.<\/p>\n<p>Les billets pour cet \u00e9v\u00e9nement facultatif sont <strong><a href=\"https:\/\/my.weezevent.com\/bdb25-25-ans-de-bois-des-bel\" target=\"_blank\" rel=\"noopener\">disponibles ici<\/a><\/strong>.<\/p>\n<p><a href=\"https:\/\/www.gret-perg.ulaval.ca\/nouvelles-et-evenements\/article?tx_news_pi1%5Baction%5D=detail&amp;tx_news_pi1%5Bcontroller%5D=News&amp;tx_news_pi1%5Bnews%5D=158&amp;cHash=30396b21a65022aac8ce8c526973663e\" target=\"_blank\" rel=\"noopener\"><strong>Pour en savoir plus sur la 25\u00e8me anniversaire de Bois-des-Bel.<\/strong><\/a><\/p>\n<h4><a href=\"https:\/\/my.weezevent.com\/bdb25-25-ans-de-bois-des-bel\" target=\"_blank\" rel=\"attachment noopener wp-att-567\"><img loading=\"lazy\" decoding=\"async\" class=\"wp-image-567 alignnone\" src=\"https:\/\/chapter.ser.org\/easterncanada\/files\/2025\/03\/06384e2f-c1e0-4a0a-a7b9-30429a3acf44-300x169.png\" alt=\"\" width=\"637\" height=\"359\" srcset=\"https:\/\/chapter.ser.org\/easterncanada\/files\/2025\/03\/06384e2f-c1e0-4a0a-a7b9-30429a3acf44-300x169.png 300w, https:\/\/chapter.ser.org\/easterncanada\/files\/2025\/03\/06384e2f-c1e0-4a0a-a7b9-30429a3acf44-1024x575.png 1024w, https:\/\/chapter.ser.org\/easterncanada\/files\/2025\/03\/06384e2f-c1e0-4a0a-a7b9-30429a3acf44-768x432.png 768w, https:\/\/chapter.ser.org\/easterncanada\/files\/2025\/03\/06384e2f-c1e0-4a0a-a7b9-30429a3acf44-1536x863.png 1536w, https:\/\/chapter.ser.org\/easterncanada\/files\/2025\/03\/06384e2f-c1e0-4a0a-a7b9-30429a3acf44-450x253.png 450w, https:\/\/chapter.ser.org\/easterncanada\/files\/2025\/03\/06384e2f-c1e0-4a0a-a7b9-30429a3acf44-600x337.png 600w, https:\/\/chapter.ser.org\/easterncanada\/files\/2025\/03\/06384e2f-c1e0-4a0a-a7b9-30429a3acf44-1500x843.png 1500w, https:\/\/chapter.ser.org\/easterncanada\/files\/2025\/03\/06384e2f-c1e0-4a0a-a7b9-30429a3acf44-1300x730.png 1300w, https:\/\/chapter.ser.org\/easterncanada\/files\/2025\/03\/06384e2f-c1e0-4a0a-a7b9-30429a3acf44-400x225.png 400w, https:\/\/chapter.ser.org\/easterncanada\/files\/2025\/03\/06384e2f-c1e0-4a0a-a7b9-30429a3acf44.png 1600w\" sizes=\"auto, (max-width: 637px) 100vw, 637px\" \/><\/a><\/h4>\n<h4><strong>Merci \u00e0 nos partenaires !<\/strong><\/h4>\n<p><strong>Partenaire \u00ab diamant \u00bb<\/strong><\/p>\n<p><a href=\"https:\/\/www.canards.ca\/\" target=\"_blank\" rel=\"attachment noopener wp-att-513\"><img loading=\"lazy\" decoding=\"async\" class=\"wp-image-513 size-medium alignnone\" src=\"https:\/\/chapter.ser.org\/easterncanada\/files\/2024\/09\/CIC-stack-4c-1-300x237.png\" alt=\"\" width=\"300\" height=\"237\" srcset=\"https:\/\/chapter.ser.org\/easterncanada\/files\/2024\/09\/CIC-stack-4c-1-300x237.png 300w, https:\/\/chapter.ser.org\/easterncanada\/files\/2024\/09\/CIC-stack-4c-1-1024x810.png 1024w, https:\/\/chapter.ser.org\/easterncanada\/files\/2024\/09\/CIC-stack-4c-1-768x608.png 768w, https:\/\/chapter.ser.org\/easterncanada\/files\/2024\/09\/CIC-stack-4c-1-1536x1216.png 1536w, https:\/\/chapter.ser.org\/easterncanada\/files\/2024\/09\/CIC-stack-4c-1-450x356.png 450w, https:\/\/chapter.ser.org\/easterncanada\/files\/2024\/09\/CIC-stack-4c-1-600x475.png 600w, https:\/\/chapter.ser.org\/easterncanada\/files\/2024\/09\/CIC-stack-4c-1-1500x1187.png 1500w, https:\/\/chapter.ser.org\/easterncanada\/files\/2024\/09\/CIC-stack-4c-1-1300x1029.png 1300w, https:\/\/chapter.ser.org\/easterncanada\/files\/2024\/09\/CIC-stack-4c-1-400x317.png 400w, https:\/\/chapter.ser.org\/easterncanada\/files\/2024\/09\/CIC-stack-4c-1.png 2000w\" sizes=\"auto, (max-width: 300px) 100vw, 300px\" \/>\u00a0<\/a><\/p>\n<p><strong>Partenaire \u00ab platine \u00bb<\/strong><\/p>\n<p><a href=\"https:\/\/www.terraformex.com\/\" target=\"_blank\" rel=\"attachment noopener wp-att-568\"><img loading=\"lazy\" decoding=\"async\" class=\"alignnone wp-image-568\" src=\"https:\/\/chapter.ser.org\/easterncanada\/files\/2025\/03\/Logo-Terraformex-EPS.png\" alt=\"\" width=\"225\" height=\"91\" \/><\/a><\/p>\n<p><strong>Partenaires \u00ab argent \u00bb<\/strong><\/p>\n<p><a href=\"https:\/\/www.wsp.com\/fr-ca\/\" rel=\"attachment wp-att-588\"><img loading=\"lazy\" decoding=\"async\" class=\"alignleft wp-image-588\" src=\"https:\/\/chapter.ser.org\/easterncanada\/files\/2025\/05\/WSP-Red-Logo.png\" alt=\"\" width=\"274\" height=\"131\" srcset=\"https:\/\/chapter.ser.org\/easterncanada\/files\/2025\/05\/WSP-Red-Logo.png 1781w, https:\/\/chapter.ser.org\/easterncanada\/files\/2025\/05\/WSP-Red-Logo-300x143.png 300w, https:\/\/chapter.ser.org\/easterncanada\/files\/2025\/05\/WSP-Red-Logo-1024x488.png 1024w, https:\/\/chapter.ser.org\/easterncanada\/files\/2025\/05\/WSP-Red-Logo-768x366.png 768w, https:\/\/chapter.ser.org\/easterncanada\/files\/2025\/05\/WSP-Red-Logo-1536x731.png 1536w, https:\/\/chapter.ser.org\/easterncanada\/files\/2025\/05\/WSP-Red-Logo-450x214.png 450w, https:\/\/chapter.ser.org\/easterncanada\/files\/2025\/05\/WSP-Red-Logo-600x286.png 600w, https:\/\/chapter.ser.org\/easterncanada\/files\/2025\/05\/WSP-Red-Logo-1500x714.png 1500w, https:\/\/chapter.ser.org\/easterncanada\/files\/2025\/05\/WSP-Red-Logo-1300x619.png 1300w, https:\/\/chapter.ser.org\/easterncanada\/files\/2025\/05\/WSP-Red-Logo-400x190.png 400w\" sizes=\"auto, (max-width: 274px) 100vw, 274px\" \/><\/a><a href=\"https:\/\/tourismeriviereduloup.ca\/\" rel=\"attachment wp-att-589\"><img loading=\"lazy\" decoding=\"async\" class=\"alignnone wp-image-589\" src=\"https:\/\/chapter.ser.org\/easterncanada\/files\/2025\/05\/RDL_ville_et_region_mauve.png\" alt=\"\" width=\"235\" height=\"135\" srcset=\"https:\/\/chapter.ser.org\/easterncanada\/files\/2025\/05\/RDL_ville_et_region_mauve.png 536w, https:\/\/chapter.ser.org\/easterncanada\/files\/2025\/05\/RDL_ville_et_region_mauve-300x173.png 300w, https:\/\/chapter.ser.org\/easterncanada\/files\/2025\/05\/RDL_ville_et_region_mauve-450x259.png 450w, https:\/\/chapter.ser.org\/easterncanada\/files\/2025\/05\/RDL_ville_et_region_mauve-400x231.png 400w\" sizes=\"auto, (max-width: 235px) 100vw, 235px\" \/><\/a><\/p>\n","protected":false},"excerpt":{"rendered":"<p>SYMPOSIUM 2025 DE SER-EC \/ ACRSD \/ CIC LA RESTAURATION \u00c9COLOGIQUE DANS L&#8217;EST DU QU\u00c9BEC ET LA P\u00c9NINSULE ACADIENNE Venez nous rejoindre du 1 au 3 juin 2025 \u00e0 l&#8217;Auberge [&hellip;]<\/p>\n","protected":false},"author":80,"featured_media":0,"parent":0,"menu_order":0,"comment_status":"closed","ping_status":"closed","template":"","meta":{"_acf_changed":false,"footnotes":"","_links_to":"","_links_to_target":""},"class_list":["post-548","page","type-page","status-publish","hentry"],"acf":[],"_links":{"self":[{"href":"https:\/\/chapter.ser.org\/easterncanada\/wp-json\/wp\/v2\/pages\/548","targetHints":{"allow":["GET"]}}],"collection":[{"href":"https:\/\/chapter.ser.org\/easterncanada\/wp-json\/wp\/v2\/pages"}],"about":[{"href":"https:\/\/chapter.ser.org\/easterncanada\/wp-json\/wp\/v2\/types\/page"}],"author":[{"embeddable":true,"href":"https:\/\/chapter.ser.org\/easterncanada\/wp-json\/wp\/v2\/users\/80"}],"replies":[{"embeddable":true,"href":"https:\/\/chapter.ser.org\/easterncanada\/wp-json\/wp\/v2\/comments?post=548"}],"version-history":[{"count":0,"href":"https:\/\/chapter.ser.org\/easterncanada\/wp-json\/wp\/v2\/pages\/548\/revisions"}],"wp:attachment":[{"href":"https:\/\/chapter.ser.org\/easterncanada\/wp-json\/wp\/v2\/media?parent=548"}],"curies":[{"name":"wp","href":"https:\/\/api.w.org\/{rel}","templated":true}]}}