{"id":44,"date":"2022-01-28T09:57:58","date_gmt":"2022-01-28T14:57:58","guid":{"rendered":"https:\/\/chapter.ser.org\/easterncanada\/?page_id=44"},"modified":"2023-11-08T22:04:11","modified_gmt":"2023-11-09T03:04:11","slug":"field-site-showcases","status":"publish","type":"page","link":"https:\/\/chapter.ser.org\/easterncanada\/multi-resource-centre\/field-site-showcases\/","title":{"rendered":"Field Site Showcases"},"content":{"rendered":"<p>\u2022 The Nashwaak Watershed Association&#8217;s (NWAI) conducted a community-based approach to leave room for the river and restore and conserve native floodplain forested wetlands in Fredericton, New Brunswick. This project aims to increase community resilience in a changing climate &#8211; by increasing landscape connectivity, mitigating local\u00a0overland flooding, providing critical habitat for native aquatic and terrestrial species, and connecting people with nature through provision of recreational green space that they are helping to restore and steward.<br \/>\n\u25e6 <strong>Contact-Person<\/strong>: Natalie Deseta (Project Coordinator); <a href=\"mailto:coordinator@nashwaakwatershed.ca\">coordinator@nashwaakwatershed.ca<\/a><\/p>\n<p>\u2022 The Moss Layer Transfer Technique, a peatlands restoration method has been developed by the Peatland Ecology Research Group of Universit\u00e9 Laval. This method has been used over the last 25 years for 100+ restoration projects across Canada, notably for different peatlands located in Eastern Qu\u00e9bec and the New Brunswick: natural peatland, rewetted peatlands, restored peatlands aged between 2 to 25 yrs, a restored sector that was burned and a Sphagnum farming site.<br \/>\n\u25e6 <strong>Contact-Person<\/strong>: Line Rochefort (professor and researcher); <a href=\"mailto:gret@fsaa.ulaval.ca\">gret@fsaa.ulaval.ca<\/a><\/p>\n<p>\u2022 \u00c9valuation de l\u2019effet de la microtopographie, de structures physiques (d\u00e9bris forestier, roche) et de l\u2019ajout de mati\u00e8re organique sur l\u2019\u00e9tablissement spontan\u00e9e des plantes indig\u00e8nes dans la for\u00eat bor\u00e9ale. Pour ce faire, nous avons adapt\u00e9 la m\u00e9thode du \u00ab Rough and Loose (R&amp;L) \u00bb d\u00e9velopp\u00e9e par l\u2019\u00e9cologiste David Polster dont le but est d\u2019offrir une diversit\u00e9 de conditions et de microsites en cr\u00e9ant une microtopographie en monticules et en cuvettes et en ajoutant de la rugosit\u00e9 \u00e0 la surface du sol (d\u00e9bris organiques et inorganiques). L e but est aussi de valoriser le mat\u00e9riel disponible sur les sites (terre v\u00e9g\u00e9tale, BRF, d\u00e9bris forestier, roche). Par exemple, pour le site en Abitibi, nous avons utilis\u00e9 du mat\u00e9riel v\u00e9g\u00e9tal entrepos\u00e9 par le Minist\u00e8re des transports du Qu\u00e9bec t qui provient de nettoyage de foss\u00e9 &amp; du BRF\/d\u00e9bris forestier de dimensions variables provenant de travaux de d\u00e9boisement.<br \/>\n\u25e6 <strong>Personne-contact<\/strong>: Joanie Tremblay (Charg\u00e9e de projets \u2013 G\u00e9omorphologie et \u00e9cologie Environnement)\u00a0; <a href=\"mailto:Joanie.Tremblay@wsp.com\">Joanie.Tremblay@wsp.com<\/a><\/p>\n<p><strong>Please help us develop our Restoration Showcase and contact us if you want to share any relevant projects.<\/strong><\/p>\n<p><strong>Aidez-nous \u00e0 d\u00e9velopper notre vitrine de restauration et contactez-nous si vous souhaitez partager vos projets.<\/strong><\/p>\n","protected":false},"excerpt":{"rendered":"<p>\u2022 The Nashwaak Watershed Association&#8217;s (NWAI) conducted a community-based approach to leave room for the river and restore and conserve native floodplain forested wetlands in Fredericton, New Brunswick. This project [&hellip;]<\/p>\n","protected":false},"author":81,"featured_media":0,"parent":27,"menu_order":0,"comment_status":"closed","ping_status":"closed","template":"","meta":{"_acf_changed":false,"footnotes":"","_links_to":"","_links_to_target":""},"class_list":["post-44","page","type-page","status-publish","hentry"],"acf":[],"_links":{"self":[{"href":"https:\/\/chapter.ser.org\/easterncanada\/wp-json\/wp\/v2\/pages\/44","targetHints":{"allow":["GET"]}}],"collection":[{"href":"https:\/\/chapter.ser.org\/easterncanada\/wp-json\/wp\/v2\/pages"}],"about":[{"href":"https:\/\/chapter.ser.org\/easterncanada\/wp-json\/wp\/v2\/types\/page"}],"author":[{"embeddable":true,"href":"https:\/\/chapter.ser.org\/easterncanada\/wp-json\/wp\/v2\/users\/81"}],"replies":[{"embeddable":true,"href":"https:\/\/chapter.ser.org\/easterncanada\/wp-json\/wp\/v2\/comments?post=44"}],"version-history":[{"count":0,"href":"https:\/\/chapter.ser.org\/easterncanada\/wp-json\/wp\/v2\/pages\/44\/revisions"}],"up":[{"embeddable":true,"href":"https:\/\/chapter.ser.org\/easterncanada\/wp-json\/wp\/v2\/pages\/27"}],"wp:attachment":[{"href":"https:\/\/chapter.ser.org\/easterncanada\/wp-json\/wp\/v2\/media?parent=44"}],"curies":[{"name":"wp","href":"https:\/\/api.w.org\/{rel}","templated":true}]}}