{"id":31,"date":"2022-01-28T09:48:13","date_gmt":"2022-01-28T14:48:13","guid":{"rendered":"https:\/\/chapter.ser.org\/easterncanada\/?page_id=31"},"modified":"2023-11-08T20:53:18","modified_gmt":"2023-11-09T01:53:18","slug":"who-we-are","status":"publish","type":"page","link":"https:\/\/chapter.ser.org\/easterncanada\/who-we-are\/","title":{"rendered":"Who We Are?"},"content":{"rendered":"<p>The Society for Ecological Restoration &#8211; Eastern Canada (SER-EC hereafter) is present in Quebec, the Maritimes (NS, NB, PEI) and the province of Newfoundland and Labrador. This new bilingual chapter of the international parent organization the &#8220;<em>Society for Ecological Restoration<\/em>\u201d aims to encourage the development of ecological restoration (i.e., the process of assisting the recovery of an ecosystem that has been degraded, damaged, or destroyed) by bringing together the expertise of ecological restoration professionals of Eastern Canada, from government, non-government, private and university organizations, in order to advance the science, practice, and policy of ecological restoration to sustain biodiversity, improve resilience in a changing climate, and re-establish an ecologically healthy relationship between nature and culture.<\/p>\n<p>&nbsp;<\/p>\n<p>La Soci\u00e9t\u00e9 pour la restauration \u00e9cologique &#8211; Est du Canada (ci-apr\u00e8s SER-EC) est pr\u00e9sente au Qu\u00e9bec, dans les Maritimes (NS, NB, PEI) et dans la province de Terre-Neuve-et-Labrador. Ce nouveau chapitre bilingue de l&#8217;organisation m\u00e8re internationale la &#8220;Society for Ecological Restoration&#8221; vise \u00e0 encourager le d\u00e9veloppement de la restauration \u00e9cologique (c&#8217;est-\u00e0-dire le processus d&#8217;aide au r\u00e9tablissement d&#8217;un \u00e9cosyst\u00e8me qui a \u00e9t\u00e9 d\u00e9grad\u00e9, endommag\u00e9 ou d\u00e9truit) en r\u00e9unissant les l&#8217;expertise des professionnels de la restauration \u00e9cologique de l&#8217;Est du Canada, provenant d&#8217;organisations gouvernementales, non gouvernementales, priv\u00e9es et universitaires, dans le but de faire progresser la science, la pratique et la politique de restauration \u00e9cologique afin de maintenir la biodiversit\u00e9, d&#8217;am\u00e9liorer la r\u00e9silience face aux changements climatiques et de r\u00e9tablir une relation \u00e9cologiquement saine entre la nature et la culture.<\/p>\n","protected":false},"excerpt":{"rendered":"<p>The Society for Ecological Restoration &#8211; Eastern Canada (SER-EC hereafter) is present in Quebec, the Maritimes (NS, NB, PEI) and the province of Newfoundland and Labrador. This new bilingual chapter [&hellip;]<\/p>\n","protected":false},"author":81,"featured_media":0,"parent":0,"menu_order":0,"comment_status":"closed","ping_status":"closed","template":"","meta":{"_acf_changed":false,"footnotes":"","_links_to":"","_links_to_target":""},"class_list":["post-31","page","type-page","status-publish","hentry"],"acf":[],"_links":{"self":[{"href":"https:\/\/chapter.ser.org\/easterncanada\/wp-json\/wp\/v2\/pages\/31","targetHints":{"allow":["GET"]}}],"collection":[{"href":"https:\/\/chapter.ser.org\/easterncanada\/wp-json\/wp\/v2\/pages"}],"about":[{"href":"https:\/\/chapter.ser.org\/easterncanada\/wp-json\/wp\/v2\/types\/page"}],"author":[{"embeddable":true,"href":"https:\/\/chapter.ser.org\/easterncanada\/wp-json\/wp\/v2\/users\/81"}],"replies":[{"embeddable":true,"href":"https:\/\/chapter.ser.org\/easterncanada\/wp-json\/wp\/v2\/comments?post=31"}],"version-history":[{"count":0,"href":"https:\/\/chapter.ser.org\/easterncanada\/wp-json\/wp\/v2\/pages\/31\/revisions"}],"wp:attachment":[{"href":"https:\/\/chapter.ser.org\/easterncanada\/wp-json\/wp\/v2\/media?parent=31"}],"curies":[{"name":"wp","href":"https:\/\/api.w.org\/{rel}","templated":true}]}}